{"id":1369,"date":"2016-02-12T08:10:47","date_gmt":"2016-02-12T08:10:47","guid":{"rendered":"http:\/\/demos.famethemes.com\/onepress\/?page_id=21"},"modified":"2026-05-06T19:23:53","modified_gmt":"2026-05-06T17:23:53","slug":"marquage_vehicule","status":"publish","type":"page","link":"https:\/\/www.mg-print03.fr\/index.php\/marquage_vehicule\/","title":{"rendered":""},"content":{"rendered":"\n<p><img loading=\"lazy\" decoding=\"async\" class=\"size-full wp-image-2312 aligncenter\" src=\"https:\/\/www.mg-print03.fr\/wp-content\/uploads\/2026\/02\/prestation5.png\" alt=\"\" width=\"400\" height=\"200\" srcset=\"https:\/\/www.mg-print03.fr\/wp-content\/uploads\/2026\/02\/prestation5.png 400w, https:\/\/www.mg-print03.fr\/wp-content\/uploads\/2026\/02\/prestation5-300x150.png 300w\" sizes=\"auto, (max-width: 400px) 100vw, 400px\" \/><\/p>\n\n\n\n<figure class=\"wp-block-gallery has-nested-images columns-3 is-cropped has-white-background-color has-background wp-block-gallery-1 is-layout-flex wp-block-gallery-is-layout-flex\">\n<figure class=\"wp-block-image size-large\"><img loading=\"lazy\" decoding=\"async\" width=\"1024\" height=\"929\" data-id=\"2825\" src=\"https:\/\/www.mg-print03.fr\/wp-content\/uploads\/2026\/05\/649227955_17914906584314785_1550790031315842828_n-1024x929.jpg\" alt=\"\" class=\"wp-image-2825\" srcset=\"https:\/\/www.mg-print03.fr\/wp-content\/uploads\/2026\/05\/649227955_17914906584314785_1550790031315842828_n-1024x929.jpg 1024w, https:\/\/www.mg-print03.fr\/wp-content\/uploads\/2026\/05\/649227955_17914906584314785_1550790031315842828_n-300x272.jpg 300w, https:\/\/www.mg-print03.fr\/wp-content\/uploads\/2026\/05\/649227955_17914906584314785_1550790031315842828_n-768x697.jpg 768w, https:\/\/www.mg-print03.fr\/wp-content\/uploads\/2026\/05\/649227955_17914906584314785_1550790031315842828_n-400x363.jpg 400w, https:\/\/www.mg-print03.fr\/wp-content\/uploads\/2026\/05\/649227955_17914906584314785_1550790031315842828_n-500x454.jpg 500w, https:\/\/www.mg-print03.fr\/wp-content\/uploads\/2026\/05\/649227955_17914906584314785_1550790031315842828_n-1536x1394.jpg 1536w, https:\/\/www.mg-print03.fr\/wp-content\/uploads\/2026\/05\/649227955_17914906584314785_1550790031315842828_n.jpg 1587w\" sizes=\"auto, (max-width: 1024px) 100vw, 1024px\" \/><\/figure>\n\n\n\n<figure class=\"wp-block-image size-large\"><img loading=\"lazy\" decoding=\"async\" width=\"1024\" height=\"768\" data-id=\"2119\" src=\"https:\/\/www.mg-print03.fr\/wp-content\/uploads\/2026\/02\/20241128_162944-1024x768.jpg\" alt=\"\" class=\"wp-image-2119\" srcset=\"https:\/\/www.mg-print03.fr\/wp-content\/uploads\/2026\/02\/20241128_162944-1024x768.jpg 1024w, https:\/\/www.mg-print03.fr\/wp-content\/uploads\/2026\/02\/20241128_162944-300x225.jpg 300w, https:\/\/www.mg-print03.fr\/wp-content\/uploads\/2026\/02\/20241128_162944-768x576.jpg 768w, https:\/\/www.mg-print03.fr\/wp-content\/uploads\/2026\/02\/20241128_162944-1536x1152.jpg 1536w, https:\/\/www.mg-print03.fr\/wp-content\/uploads\/2026\/02\/20241128_162944.jpg 2000w\" sizes=\"auto, (max-width: 1024px) 100vw, 1024px\" \/><\/figure>\n\n\n\n<figure class=\"wp-block-image size-large\"><img loading=\"lazy\" decoding=\"async\" width=\"1024\" height=\"636\" data-id=\"2123\" src=\"https:\/\/www.mg-print03.fr\/wp-content\/uploads\/2026\/02\/20250225_181303-1024x636.jpg\" alt=\"\" class=\"wp-image-2123\" srcset=\"https:\/\/www.mg-print03.fr\/wp-content\/uploads\/2026\/02\/20250225_181303-1024x636.jpg 1024w, https:\/\/www.mg-print03.fr\/wp-content\/uploads\/2026\/02\/20250225_181303-300x186.jpg 300w, https:\/\/www.mg-print03.fr\/wp-content\/uploads\/2026\/02\/20250225_181303-768x477.jpg 768w, https:\/\/www.mg-print03.fr\/wp-content\/uploads\/2026\/02\/20250225_181303-1536x954.jpg 1536w, https:\/\/www.mg-print03.fr\/wp-content\/uploads\/2026\/02\/20250225_181303-2048x1272.jpg 2048w\" sizes=\"auto, (max-width: 1024px) 100vw, 1024px\" \/><\/figure>\n\n\n\n<figure class=\"wp-block-image size-large\"><img loading=\"lazy\" decoding=\"async\" width=\"1024\" height=\"768\" data-id=\"2121\" src=\"https:\/\/www.mg-print03.fr\/wp-content\/uploads\/2026\/02\/20250220_175502-1024x768.jpg\" alt=\"\" class=\"wp-image-2121\" srcset=\"https:\/\/www.mg-print03.fr\/wp-content\/uploads\/2026\/02\/20250220_175502-1024x768.jpg 1024w, https:\/\/www.mg-print03.fr\/wp-content\/uploads\/2026\/02\/20250220_175502-300x225.jpg 300w, https:\/\/www.mg-print03.fr\/wp-content\/uploads\/2026\/02\/20250220_175502-768x576.jpg 768w, https:\/\/www.mg-print03.fr\/wp-content\/uploads\/2026\/02\/20250220_175502-1536x1152.jpg 1536w, https:\/\/www.mg-print03.fr\/wp-content\/uploads\/2026\/02\/20250220_175502-2048x1536.jpg 2048w\" sizes=\"auto, (max-width: 1024px) 100vw, 1024px\" \/><\/figure>\n\n\n\n<figure class=\"wp-block-image size-large is-style-default\"><img loading=\"lazy\" decoding=\"async\" width=\"1024\" height=\"709\" data-id=\"2829\" src=\"https:\/\/www.mg-print03.fr\/wp-content\/uploads\/2026\/05\/673821692_17922675144314785_5105557879764272404_n-1024x709.jpg\" alt=\"\" class=\"wp-image-2829\" srcset=\"https:\/\/www.mg-print03.fr\/wp-content\/uploads\/2026\/05\/673821692_17922675144314785_5105557879764272404_n-1024x709.jpg 1024w, https:\/\/www.mg-print03.fr\/wp-content\/uploads\/2026\/05\/673821692_17922675144314785_5105557879764272404_n-300x208.jpg 300w, https:\/\/www.mg-print03.fr\/wp-content\/uploads\/2026\/05\/673821692_17922675144314785_5105557879764272404_n-768x531.jpg 768w, https:\/\/www.mg-print03.fr\/wp-content\/uploads\/2026\/05\/673821692_17922675144314785_5105557879764272404_n-400x277.jpg 400w, https:\/\/www.mg-print03.fr\/wp-content\/uploads\/2026\/05\/673821692_17922675144314785_5105557879764272404_n-500x346.jpg 500w, https:\/\/www.mg-print03.fr\/wp-content\/uploads\/2026\/05\/673821692_17922675144314785_5105557879764272404_n.jpg 1354w\" sizes=\"auto, (max-width: 1024px) 100vw, 1024px\" \/><\/figure>\n\n\n\n<figure class=\"wp-block-image size-large\"><img loading=\"lazy\" decoding=\"async\" width=\"822\" height=\"1024\" data-id=\"2828\" src=\"https:\/\/www.mg-print03.fr\/wp-content\/uploads\/2026\/05\/670420324_122115880071226156_2148419911891527491_n-822x1024.jpg\" alt=\"\" class=\"wp-image-2828\" srcset=\"https:\/\/www.mg-print03.fr\/wp-content\/uploads\/2026\/05\/670420324_122115880071226156_2148419911891527491_n-822x1024.jpg 822w, https:\/\/www.mg-print03.fr\/wp-content\/uploads\/2026\/05\/670420324_122115880071226156_2148419911891527491_n-241x300.jpg 241w, https:\/\/www.mg-print03.fr\/wp-content\/uploads\/2026\/05\/670420324_122115880071226156_2148419911891527491_n-768x957.jpg 768w, https:\/\/www.mg-print03.fr\/wp-content\/uploads\/2026\/05\/670420324_122115880071226156_2148419911891527491_n-400x498.jpg 400w, https:\/\/www.mg-print03.fr\/wp-content\/uploads\/2026\/05\/670420324_122115880071226156_2148419911891527491_n-500x623.jpg 500w, https:\/\/www.mg-print03.fr\/wp-content\/uploads\/2026\/05\/670420324_122115880071226156_2148419911891527491_n-1233x1536.jpg 1233w, https:\/\/www.mg-print03.fr\/wp-content\/uploads\/2026\/05\/670420324_122115880071226156_2148419911891527491_n.jpg 1644w\" sizes=\"auto, (max-width: 822px) 100vw, 822px\" \/><\/figure>\n\n\n\n<figure class=\"wp-block-image size-large\"><img loading=\"lazy\" decoding=\"async\" width=\"1024\" height=\"768\" data-id=\"2120\" src=\"https:\/\/www.mg-print03.fr\/wp-content\/uploads\/2026\/02\/20241213_161838-1024x768.jpg\" alt=\"\" class=\"wp-image-2120\" srcset=\"https:\/\/www.mg-print03.fr\/wp-content\/uploads\/2026\/02\/20241213_161838-1024x768.jpg 1024w, https:\/\/www.mg-print03.fr\/wp-content\/uploads\/2026\/02\/20241213_161838-300x225.jpg 300w, https:\/\/www.mg-print03.fr\/wp-content\/uploads\/2026\/02\/20241213_161838-768x576.jpg 768w, https:\/\/www.mg-print03.fr\/wp-content\/uploads\/2026\/02\/20241213_161838-1536x1152.jpg 1536w, https:\/\/www.mg-print03.fr\/wp-content\/uploads\/2026\/02\/20241213_161838-2048x1536.jpg 2048w\" sizes=\"auto, (max-width: 1024px) 100vw, 1024px\" \/><\/figure>\n\n\n\n<figure class=\"wp-block-image size-large\"><img loading=\"lazy\" decoding=\"async\" width=\"1024\" height=\"759\" data-id=\"2122\" src=\"https:\/\/www.mg-print03.fr\/wp-content\/uploads\/2026\/02\/20250220_182734-1024x759.jpg\" alt=\"\" class=\"wp-image-2122\" srcset=\"https:\/\/www.mg-print03.fr\/wp-content\/uploads\/2026\/02\/20250220_182734-1024x759.jpg 1024w, https:\/\/www.mg-print03.fr\/wp-content\/uploads\/2026\/02\/20250220_182734-300x222.jpg 300w, https:\/\/www.mg-print03.fr\/wp-content\/uploads\/2026\/02\/20250220_182734-768x569.jpg 768w, https:\/\/www.mg-print03.fr\/wp-content\/uploads\/2026\/02\/20250220_182734-1536x1139.jpg 1536w, https:\/\/www.mg-print03.fr\/wp-content\/uploads\/2026\/02\/20250220_182734-2048x1518.jpg 2048w\" sizes=\"auto, (max-width: 1024px) 100vw, 1024px\" \/><\/figure>\n\n\n\n<figure class=\"wp-block-image size-large\"><img loading=\"lazy\" decoding=\"async\" width=\"1024\" height=\"1024\" data-id=\"2125\" src=\"https:\/\/www.mg-print03.fr\/wp-content\/uploads\/2026\/02\/490089887_17875045455314785_1909290225889824281_n-1024x1024.jpg\" alt=\"\" class=\"wp-image-2125\" srcset=\"https:\/\/www.mg-print03.fr\/wp-content\/uploads\/2026\/02\/490089887_17875045455314785_1909290225889824281_n-1024x1024.jpg 1024w, https:\/\/www.mg-print03.fr\/wp-content\/uploads\/2026\/02\/490089887_17875045455314785_1909290225889824281_n-300x300.jpg 300w, https:\/\/www.mg-print03.fr\/wp-content\/uploads\/2026\/02\/490089887_17875045455314785_1909290225889824281_n-150x150.jpg 150w, https:\/\/www.mg-print03.fr\/wp-content\/uploads\/2026\/02\/490089887_17875045455314785_1909290225889824281_n-768x768.jpg 768w, https:\/\/www.mg-print03.fr\/wp-content\/uploads\/2026\/02\/490089887_17875045455314785_1909290225889824281_n.jpg 1440w\" sizes=\"auto, (max-width: 1024px) 100vw, 1024px\" \/><\/figure>\n\n\n\n<figure class=\"wp-block-image size-large\"><img loading=\"lazy\" decoding=\"async\" width=\"1024\" height=\"768\" data-id=\"2827\" src=\"https:\/\/www.mg-print03.fr\/wp-content\/uploads\/2026\/05\/655884506_17917289607314785_5904682299487443803_n-1024x768.jpg\" alt=\"\" class=\"wp-image-2827\" srcset=\"https:\/\/www.mg-print03.fr\/wp-content\/uploads\/2026\/05\/655884506_17917289607314785_5904682299487443803_n-1024x768.jpg 1024w, https:\/\/www.mg-print03.fr\/wp-content\/uploads\/2026\/05\/655884506_17917289607314785_5904682299487443803_n-300x225.jpg 300w, https:\/\/www.mg-print03.fr\/wp-content\/uploads\/2026\/05\/655884506_17917289607314785_5904682299487443803_n-768x576.jpg 768w, https:\/\/www.mg-print03.fr\/wp-content\/uploads\/2026\/05\/655884506_17917289607314785_5904682299487443803_n-400x300.jpg 400w, https:\/\/www.mg-print03.fr\/wp-content\/uploads\/2026\/05\/655884506_17917289607314785_5904682299487443803_n-500x375.jpg 500w, https:\/\/www.mg-print03.fr\/wp-content\/uploads\/2026\/05\/655884506_17917289607314785_5904682299487443803_n.jpg 1440w\" sizes=\"auto, (max-width: 1024px) 100vw, 1024px\" \/><\/figure>\n<\/figure>\n","protected":false},"excerpt":{"rendered":"<p style=\"text-align: center;\" align=\"LEFT\"><strong>Affirmer votre pr\u00e9sence<\/strong><\/p>\n<p style=\"text-align: center;\" align=\"LEFT\">Covering, semi-covering, lettres d\u00e9coup\u00e9es, Magn\u00e9tique&#8230;<\/p>\n","protected":false},"author":1,"featured_media":2312,"parent":0,"menu_order":0,"comment_status":"closed","ping_status":"closed","template":"template-fullwidth-stretched.php","meta":{"footnotes":""},"class_list":["post-1369","page","type-page","status-publish","has-post-thumbnail","hentry"],"aioseo_notices":[],"_links":{"self":[{"href":"https:\/\/www.mg-print03.fr\/index.php\/wp-json\/wp\/v2\/pages\/1369","targetHints":{"allow":["GET"]}}],"collection":[{"href":"https:\/\/www.mg-print03.fr\/index.php\/wp-json\/wp\/v2\/pages"}],"about":[{"href":"https:\/\/www.mg-print03.fr\/index.php\/wp-json\/wp\/v2\/types\/page"}],"author":[{"embeddable":true,"href":"https:\/\/www.mg-print03.fr\/index.php\/wp-json\/wp\/v2\/users\/1"}],"replies":[{"embeddable":true,"href":"https:\/\/www.mg-print03.fr\/index.php\/wp-json\/wp\/v2\/comments?post=1369"}],"version-history":[{"count":54,"href":"https:\/\/www.mg-print03.fr\/index.php\/wp-json\/wp\/v2\/pages\/1369\/revisions"}],"predecessor-version":[{"id":3137,"href":"https:\/\/www.mg-print03.fr\/index.php\/wp-json\/wp\/v2\/pages\/1369\/revisions\/3137"}],"wp:featuredmedia":[{"embeddable":true,"href":"https:\/\/www.mg-print03.fr\/index.php\/wp-json\/wp\/v2\/media\/2312"}],"wp:attachment":[{"href":"https:\/\/www.mg-print03.fr\/index.php\/wp-json\/wp\/v2\/media?parent=1369"}],"curies":[{"name":"wp","href":"https:\/\/api.w.org\/{rel}","templated":true}]}}