{"id":3076,"date":"2026-05-06T11:36:08","date_gmt":"2026-05-06T09:36:08","guid":{"rendered":"https:\/\/www.mg-print03.fr\/?page_id=3076"},"modified":"2026-05-06T11:38:26","modified_gmt":"2026-05-06T09:38:26","slug":"mentions-legales","status":"publish","type":"page","link":"https:\/\/www.mg-print03.fr\/index.php\/mentions-legales\/","title":{"rendered":"Mentions l\u00e9gales"},"content":{"rendered":"\n<h2 class=\"wp-block-heading\">Mentions l\u00e9gales<\/h2>\n\n\n\n<p>L\u2019adresse de notre site est&nbsp;: https:\/\/mg-print03.fr.<\/p>\n\n\n\n<h2 class=\"wp-block-heading\">\u00c9diteur du site<\/h2>\n\n\n\n<p>Le pr\u00e9sent site est \u00e9dit\u00e9 par :<br>SARL MG.PRINT \u2028Soci\u00e9t\u00e9 \u00e0 responsabilit\u00e9 limit\u00e9e au capital social de 4 000 \u20ac\u2028<br>Si\u00e8ge social : 27 Rue des Bourses 03270 Hauterive &#8211; FRANCE<br>Immatricul\u00e9e sous le num\u00e9ro 510 544 521<br>Num\u00e9ro SIRET : 510 544 521 00014<br>Num\u00e9ro de TVA intracommunautaire : FR83510544521<\/p>\n\n\n\n<p>Repr\u00e9sent\u00e9e par Marine RATINIER et Thomas CORNIL , agissant et ayant les pouvoirs n\u00e9cessaires en qualit\u00e9 de G\u00e9rants.\u2028<br>Mail : mg-print@orange.fr<br>T\u00e9l\u00e9phone : 04 70 32 83 64<\/p>\n\n\n\n<h2 class=\"wp-block-heading\">Publication &amp; H\u00e9bergement du site<\/h2>\n\n\n\n<p>Cr\u00e9ation du site : EI CogitoGraphix  85 rue du Mar\u00e9chal Lyautey &#8211; 03200 -Vichy &#8211; Email : contact@cogitographix.fr &nbsp; <br>Le site h\u00e9berg\u00e9 par : OVH SAS Soci\u00e9t\u00e9 par actions simplifi\u00e9e au capital de 10 174 560 \u20ac\u2028 RCS Lille M\u00e9tropole n\u00b0 424 761 419 00045 Si\u00e8ge social : 2 rue Kellermann \u2013 59100 Roubaix \u2013 France\u2028<\/p>\n\n\n\n<h2 class=\"wp-block-heading\">Cookies<\/h2>\n\n\n\n<p>Le site peut utiliser des cookies ou traceurs afin d&rsquo;am\u00e9liorer l&rsquo;exp\u00e9rience utilisateur, mesurer l&rsquo;audience et proposer des services adapt\u00e9s. L&rsquo;utilisateur peut configurer son navigateur pour refuser tout ou partie des cookies conform\u00e9ment \u00e0 la r\u00e9glementation en vigueur.<\/p>\n\n\n\n<h2 class=\"wp-block-heading\">Donn\u00e9es personnelles<\/h2>\n\n\n\n<p>Les informations personnelles collect\u00e9es via le site sont destin\u00e9es exclusivement \u00e0 SARL MG.PRINT et sont utilis\u00e9es dans le cadre de la gestion des demandes, de la relation commerciale et de la communication avec les utilisateurs.<br>Conform\u00e9ment au R\u00e8glement G\u00e9n\u00e9ral sur la Protection des Donn\u00e9es (RGPD \u2013 UE 2016\/679) et \u00e0 la loi \u00ab Informatique et Libert\u00e9s \u00bb, l&rsquo;utilisateur dispose d&rsquo;un droit d&rsquo;acc\u00e8s, de rectification, d&rsquo;effacement, de limitation, d&rsquo;opposition et de portabilit\u00e9 des donn\u00e9es le concernant. SARL MG.PRINT \u2013 27 Rue des Bourses 03270 Hauterive &#8211; FRANCE\u2028<\/p>\n\n\n\n<h2 class=\"wp-block-heading\">Responsabilit\u00e9<\/h2>\n\n\n\n<p>SARL MG.PRINT met tout en \u0153uvre pour assurer l&rsquo;exactitude et la mise \u00e0 jour des informations diffus\u00e9es sur le site. Toutefois, elle ne saurait \u00eatre tenue responsable des erreurs, omissions ou d&rsquo;une indisponibilit\u00e9 temporaire des informations et services.<br>L&rsquo;utilisateur reconna\u00eet utiliser le site sous sa responsabilit\u00e9 exclusive.<\/p>\n\n\n\n<h2 class=\"wp-block-heading\">Propri\u00e9t\u00e9 intellectuelle<\/h2>\n\n\n\n<p>L&rsquo;ensemble des \u00e9l\u00e9ments constituant le site www.mg-print03.fr (textes, images, photographies, logos, graphismes, vid\u00e9os, sons, ic\u00f4nes, structure du site, logiciels, etc.) est prot\u00e9g\u00e9 par les dispositions du Code de la propri\u00e9t\u00e9 intellectuelle et demeure la propri\u00e9t\u00e9 exclusive de SARL MG.PRINT, sauf mention contraire.<\/p>\n\n\n\n<p>Toute reproduction, repr\u00e9sentation, modification, publication ou adaptation, totale ou partielle, de tout ou partie du site, quel que soit le proc\u00e9d\u00e9 utilis\u00e9, est interdite sans autorisation \u00e9crite pr\u00e9alable. Le pr\u00e9sent site est soumis au droit fran\u00e7ais.<br>Tout litige relatif \u00e0 son utilisation rel\u00e8ve de la comp\u00e9tence exclusive des tribunaux fran\u00e7ais, sauf disposition l\u00e9gale contraire.<\/p>\n\n\n","protected":false},"excerpt":{"rendered":"<p>Mentions l\u00e9gales L\u2019adresse de notre site est&nbsp;: https:\/\/mg-print03.fr. \u00c9diteur du site Le pr\u00e9sent site est \u00e9dit\u00e9 par :SARL MG.PRINT \u2028Soci\u00e9t\u00e9 \u00e0 responsabilit\u00e9 limit\u00e9e au capital social de 4 000 \u20ac\u2028Si\u00e8ge &#8230;<\/p>\n","protected":false},"author":1,"featured_media":0,"parent":0,"menu_order":0,"comment_status":"closed","ping_status":"closed","template":"template-fullwidth.php","meta":{"footnotes":""},"class_list":["post-3076","page","type-page","status-publish","hentry"],"aioseo_notices":[],"_links":{"self":[{"href":"https:\/\/www.mg-print03.fr\/index.php\/wp-json\/wp\/v2\/pages\/3076","targetHints":{"allow":["GET"]}}],"collection":[{"href":"https:\/\/www.mg-print03.fr\/index.php\/wp-json\/wp\/v2\/pages"}],"about":[{"href":"https:\/\/www.mg-print03.fr\/index.php\/wp-json\/wp\/v2\/types\/page"}],"author":[{"embeddable":true,"href":"https:\/\/www.mg-print03.fr\/index.php\/wp-json\/wp\/v2\/users\/1"}],"replies":[{"embeddable":true,"href":"https:\/\/www.mg-print03.fr\/index.php\/wp-json\/wp\/v2\/comments?post=3076"}],"version-history":[{"count":11,"href":"https:\/\/www.mg-print03.fr\/index.php\/wp-json\/wp\/v2\/pages\/3076\/revisions"}],"predecessor-version":[{"id":3079,"href":"https:\/\/www.mg-print03.fr\/index.php\/wp-json\/wp\/v2\/pages\/3076\/revisions\/3079"}],"wp:attachment":[{"href":"https:\/\/www.mg-print03.fr\/index.php\/wp-json\/wp\/v2\/media?parent=3076"}],"curies":[{"name":"wp","href":"https:\/\/api.w.org\/{rel}","templated":true}]}}